{"id":134,"date":"2015-01-19T14:04:31","date_gmt":"2015-01-19T17:04:31","guid":{"rendered":"http:\/\/www.centi.com.br\/portal\/?page_id=134"},"modified":"2015-06-30T12:00:26","modified_gmt":"2015-06-30T15:00:26","slug":"produtos","status":"publish","type":"page","link":"https:\/\/www.centi.com.br\/portal\/produtos\/","title":{"rendered":"Produtos"},"content":{"rendered":"<div class=\"ewf-inline-style\"><style media=\"all\" type=\"text\/css\">.vc_custom_1421837770455{padding-top: 50px !important;padding-bottom: 50px !important;background-image: url(http:\/\/www.centi.com.br\/portal\/wp-content\/uploads\/2015\/01\/slideServicospreview.jpg?id=235) !important;background-position: center !important;background-repeat: no-repeat !important;background-size: cover !important;}<\/style><\/div><div class=\"ewf-full-width-section\"><div class=\"ewf-row vc_custom_1421837770455\">\n\t<div class=\"ewf-span12\">\n\t\t<div class=\"ewf-wrapper\">\n\t\t\t<div class=\"ewf-inline-style\"><style media=\"all\" type=\"text\/css\">.vc_custom_1421837749836{margin-top: 200px !important;margin-bottom: 200px !important;}<\/style><\/div><div class=\"ewf-row vc_custom_1421837749836\">\n\t<div class=\"ewf-span12\">\n\t\t<div class=\"ewf-wrapper\">\n\t\t\t\n\t\t<\/div> \n\t<\/div> \n<\/div>\n\t\t<\/div> \n\t<\/div> \n<\/div><\/div><div class=\"ewf-inline-style\"><style media=\"all\" type=\"text\/css\">.vc_custom_1421689923078{margin-top: 0px !important;margin-bottom: 10px !important;}<\/style><\/div><div class=\"ewf-row vc_custom_1421689923078\">\n\t<div class=\"ewf-span3\">\n\t\t<div class=\"ewf-wrapper\">\n\t\t\t\n\t\t<\/div> \n\t<\/div> \n\n\t<div class=\"ewf-span9\">\n\t\t<div class=\"ewf-wrapper\">\n\t\t\t\n\t\t<\/div> \n\t<\/div> \n<\/div><div class=\"ewf-row\">\n\t<div class=\"ewf-span4\">\n\t\t<div class=\"ewf-wrapper\">\n\t\t\t\n\t<div class=\"wpb_widgetised_column wpb_content_element\">\n\t\t<div class=\"ewf-wrapper\">\n\t\t\t<div id=\"nav_menu-2\" class=\"widget widget_nav_menu\"><div class=\"menu-produtos-container\"><ul id=\"menu-produtos\" class=\"menu\"><li id=\"menu-item-293\" class=\"menu-item menu-item-type-post_type menu-item-object-page menu-item-293\"><a href=\"https:\/\/www.centi.com.br\/portal\/produtos\/almoxarifado\/\">Almoxarifado<\/a><\/li>\n<li id=\"menu-item-294\" class=\"menu-item menu-item-type-post_type menu-item-object-page menu-item-294\"><a href=\"https:\/\/www.centi.com.br\/portal\/produtos\/assistencia-social\/\">Assist\u00eancia Social<\/a><\/li>\n<li id=\"menu-item-295\" class=\"menu-item menu-item-type-post_type menu-item-object-page menu-item-295\"><a href=\"https:\/\/www.centi.com.br\/portal\/produtos\/compras\/\">Compras<\/a><\/li>\n<li id=\"menu-item-264\" class=\"menu-item menu-item-type-post_type menu-item-object-page menu-item-264\"><a href=\"https:\/\/www.centi.com.br\/portal\/produtos\/contabilidade\/\">Contabilidade<\/a><\/li>\n<li id=\"menu-item-296\" class=\"menu-item menu-item-type-post_type menu-item-object-page menu-item-296\"><a href=\"https:\/\/www.centi.com.br\/portal\/produtos\/controle-interno\/\">Controle Interno<\/a><\/li>\n<li id=\"menu-item-297\" class=\"menu-item menu-item-type-post_type menu-item-object-page menu-item-297\"><a href=\"https:\/\/www.centi.com.br\/portal\/produtos\/frotas\/\">Frotas<\/a><\/li>\n<li id=\"menu-item-298\" class=\"menu-item menu-item-type-post_type menu-item-object-page menu-item-298\"><a href=\"https:\/\/www.centi.com.br\/portal\/produtos\/licitacao\/\">Licita\u00e7\u00e3o<\/a><\/li>\n<li id=\"menu-item-299\" class=\"menu-item menu-item-type-post_type menu-item-object-page menu-item-299\"><a href=\"https:\/\/www.centi.com.br\/portal\/produtos\/nfse\/\">NFS-e<\/a><\/li>\n<li id=\"menu-item-300\" class=\"menu-item menu-item-type-post_type menu-item-object-page menu-item-300\"><a href=\"https:\/\/www.centi.com.br\/portal\/produtos\/ouvidoria\/\">Ouvidoria<\/a><\/li>\n<li id=\"menu-item-301\" class=\"menu-item menu-item-type-post_type menu-item-object-page menu-item-301\"><a href=\"https:\/\/www.centi.com.br\/portal\/produtos\/patrimonio\/\">Patrim\u00f4nio<\/a><\/li>\n<li id=\"menu-item-254\" class=\"menu-item menu-item-type-custom menu-item-object-custom menu-item-254\"><a href=\"http:\/\/www.centi.com.br\/portal\/portal-cidadao\/\">Portal do Cidad\u00e3o<\/a><\/li>\n<li id=\"menu-item-302\" class=\"menu-item menu-item-type-post_type menu-item-object-page menu-item-302\"><a href=\"https:\/\/www.centi.com.br\/portal\/produtos\/pregao\/\">Preg\u00e3o<\/a><\/li>\n<li id=\"menu-item-303\" class=\"menu-item menu-item-type-post_type menu-item-object-page menu-item-303\"><a href=\"https:\/\/www.centi.com.br\/portal\/produtos\/protocolo\/\">Protocolo<\/a><\/li>\n<li id=\"menu-item-304\" class=\"menu-item menu-item-type-post_type menu-item-object-page menu-item-304\"><a href=\"https:\/\/www.centi.com.br\/portal\/produtos\/rh\/\">Recursos Humanos<\/a><\/li>\n<li id=\"menu-item-305\" class=\"menu-item menu-item-type-post_type menu-item-object-page menu-item-305\"><a href=\"https:\/\/www.centi.com.br\/portal\/produtos\/sefaz\/\">Sistema Fazend\u00e1rio<\/a><\/li>\n<\/ul><\/div><\/div>\n\t\t<\/div> \n\t<\/div> \n\t\t<\/div> \n\t<\/div> \n\n\t<div class=\"ewf-span4\">\n\t\t<div class=\"ewf-wrapper\">\n\t\t\t\r\n\t\t\t\t\t<div class=\"icon-box-3\">\r\n\t\t\t\t\t\t<i class=\"ifc-move_by_trolley\"><\/i>\r\n\t\t\t\t\t\t<div class=\"icon-box-content\">\r\n\t\t\t\t\t\t\t<h3><a href=\"http:\/\/www.centi.com.br\/portal\/produtos\/almoxarifado\/\">Almoxarifado<\/a><\/h3>\r\n\t\t\t\t\t\t\t\r\n\t\t\t\t\t\t\t<p>Entrada de notas, centro de custos, controle de estoque, consulta de solicita\u00e7\u00f5es, relat\u00f3rios gerenciais, integra\u00e7\u00e3o cont\u00e1bil e muito mais.<p class=\"last text-left\"><a class=\"btn\" href=\"http:\/\/www.centi.com.br\/portal\/produtos\/almoxarifado\/\">+ Almoxarifado<i class=\"ifc-fast_forward\"><\/i><\/a><\/p><\/p>\r\n\t\t\t\t\t\t\t\r\n\t\t\t\t\t\t<\/div><!-- end .icon-box-content -->\r\n\t\t\t\t\t<\/div><!-- end .icon-box-3 -->\r\n\t\t\t\t\t<div class=\"icon-box-3\">\r\n\t\t\t\t\t\t<i class=\"ifc-like\"><\/i>\r\n\t\t\t\t\t\t<div class=\"icon-box-content\">\r\n\t\t\t\t\t\t\t<h3><a href=\"http:\/\/www.centi.com.br\/portal\/produtos\/assistencia-social\/\">Assist\u00eancia Social<\/a><\/h3>\r\n\t\t\t\t\t\t\t\r\n\t\t\t\t\t\t\t<p>Programas, doa\u00e7\u00f5es, benefici\u00e1rios, contrapartidas, benef\u00edcios, atendimentos e muito mais.<p class=\"last text-left\"><a class=\"btn\" href=\"http:\/\/www.centi.com.br\/portal\/produtos\/assistencia-social\/\">+ Assist\u00eancia Social<i class=\"ifc-fast_forward\"><\/i><\/a><\/p><\/p>\r\n\t\t\t\t\t\t\t\r\n\t\t\t\t\t\t<\/div><!-- end .icon-box-content -->\r\n\t\t\t\t\t<\/div><!-- end .icon-box-3 -->\r\n\t\t\t\t\t<div class=\"icon-box-3\">\r\n\t\t\t\t\t\t<i class=\"ifc-shopping_cart_loaded\"><\/i>\r\n\t\t\t\t\t\t<div class=\"icon-box-content\">\r\n\t\t\t\t\t\t\t<h3><a href=\"http:\/\/www.centi.com.br\/portal\/produtos\/compras\/\">Compras<\/a><\/h3>\r\n\t\t\t\t\t\t\t\r\n\t\t\t\t\t\t\t<p>Cota\u00e7\u00f5es online, planejamento, Centro de custos din\u00e2micos, emiss\u00e3o de ordem de fornecimento, emiss\u00e3o de pedidos, etc.<p class=\"last text-left\"><a class=\"btn\" href=\"http:\/\/www.centi.com.br\/portal\/produtos\/compras\/\">+ Compras<i class=\"ifc-fast_forward\"><\/i><\/a><\/p><\/p>\r\n\t\t\t\t\t\t\t\r\n\t\t\t\t\t\t<\/div><!-- end .icon-box-content -->\r\n\t\t\t\t\t<\/div><!-- end .icon-box-3 -->\r\n\t\t\t\t\t<div class=\"icon-box-3\">\r\n\t\t\t\t\t\t<i class=\"ifc-ball_point_pen\"><\/i>\r\n\t\t\t\t\t\t<div class=\"icon-box-content\">\r\n\t\t\t\t\t\t\t<h3><a href=\"http:\/\/www.centi.com.br\/portal\/produtos\/contabilidade\/\">Contabilidade<\/a><\/h3>\r\n\t\t\t\t\t\t\t\r\n\t\t\t\t\t\t\t<p>Registro dos atos e fatos administrativos, com resultados e relat\u00f3rios peri\u00f3dicos, considerando princ\u00edpios gerais de finan\u00e7as p\u00fablicas e contabilidade.<p class=\"last text-left\"><a class=\"btn\" href=\"http:\/\/www.centi.com.br\/portal\/produtos\/contabilidade\/\">+ Contabilidade<i class=\"ifc-fast_forward\"><\/i><\/a><\/p><\/p>\r\n\t\t\t\t\t\t\t\r\n\t\t\t\t\t\t<\/div><!-- end .icon-box-content -->\r\n\t\t\t\t\t<\/div><!-- end .icon-box-3 -->\r\n\t\t\t\t\t<div class=\"icon-box-3\">\r\n\t\t\t\t\t\t<i class=\"ifc-checkmark\"><\/i>\r\n\t\t\t\t\t\t<div class=\"icon-box-content\">\r\n\t\t\t\t\t\t\t<h3><a href=\"http:\/\/www.centi.com.br\/portal\/produtos\/controle-interno\/\">Controle Interno<\/a><\/h3>\r\n\t\t\t\t\t\t\t\r\n\t\t\t\t\t\t\t<p>Check-list de atividades, cronogramas legais, emiss\u00e3o de relat\u00f3rios, acompanhamento de a\u00e7\u00f5es e muito mais.<p class=\"last text-left\"><a class=\"btn\" href=\"http:\/\/www.centi.com.br\/portal\/produtos\/controle-interno\/\">+ Controle Interno<i class=\"ifc-fast_forward\"><\/i><\/a><\/p><\/p>\r\n\t\t\t\t\t\t\t\r\n\t\t\t\t\t\t<\/div><!-- end .icon-box-content -->\r\n\t\t\t\t\t<\/div><!-- end .icon-box-3 -->\r\n\t\t\t\t\t<div class=\"icon-box-3\">\r\n\t\t\t\t\t\t<i class=\"ifc-bus\"><\/i>\r\n\t\t\t\t\t\t<div class=\"icon-box-content\">\r\n\t\t\t\t\t\t\t<h3><a href=\"http:\/\/www.centi.com.br\/portal\/produtos\/frotas\/\">Frotas<\/a><\/h3>\r\n\t\t\t\t\t\t\t\r\n\t\t\t\t\t\t\t<p>Controle de ve\u00edculos, abastecimentos, multas, entradas e sa\u00eddas, combust\u00edveis, motoristas e muito mais.<p class=\"last text-left\"><a class=\"btn\" href=\"http:\/\/www.centi.com.br\/portal\/produtos\/frotas\/\">+ Frotas<i class=\"ifc-fast_forward\"><\/i><\/a><\/p><\/p>\r\n\t\t\t\t\t\t\t\r\n\t\t\t\t\t\t<\/div><!-- end .icon-box-content -->\r\n\t\t\t\t\t<\/div><!-- end .icon-box-3 -->\r\n\t\t\t\t\t<div class=\"icon-box-3\">\r\n\t\t\t\t\t\t<i class=\"ifc-router\"><\/i>\r\n\t\t\t\t\t\t<div class=\"icon-box-content\">\r\n\t\t\t\t\t\t\t<h3><a href=\"http:\/\/www.centi.com.br\/portal\/produtos\/licitacao\/\">Licita\u00e7\u00e3o<\/a><\/h3>\r\n\t\t\t\t\t\t\t\r\n\t\t\t\t\t\t\t<p>Procedimentos licitat\u00f3rios, emiss\u00e3o de documentos, homologa\u00e7\u00e3o, atas, adjudica\u00e7\u00e3o e muito mais.<p class=\"last text-left\"><a class=\"btn\" href=\"http:\/\/www.centi.com.br\/portal\/produtos\/licitacao\/\">+ Licita\u00e7\u00e3o<i class=\"ifc-fast_forward\"><\/i><\/a><\/p><\/p>\r\n\t\t\t\t\t\t\t\r\n\t\t\t\t\t\t<\/div><!-- end .icon-box-content -->\r\n\t\t\t\t\t<\/div><!-- end .icon-box-3 -->\n\t\t<\/div> \n\t<\/div> \n\n\t<div class=\"ewf-span4\">\n\t\t<div class=\"ewf-wrapper\">\n\t\t\t\r\n\t\t\t\t\t<div class=\"icon-box-3\">\r\n\t\t\t\t\t\t<i class=\"ifc-document\"><\/i>\r\n\t\t\t\t\t\t<div class=\"icon-box-content\">\r\n\t\t\t\t\t\t\t<h3><a href=\"http:\/\/www.centi.com.br\/portal\/produtos\/nfse\/\">NFS-e<\/a><\/h3>\r\n\t\t\t\t\t\t\t\r\n\t\t\t\t\t\t\t<p>Notifica\u00e7\u00f5es por email, REST, Gera\u00e7\u00e3o DUAM, DMS, V\u00efdeo Aulas, Notas por Item e muito mais.<p class=\"last text-left\"><a class=\"btn\" href=\"http:\/\/www.centi.com.br\/portal\/produtos\/nfse\/\">+ NFS-e<i class=\"ifc-fast_forward\"><\/i><\/a><\/p><\/p>\r\n\t\t\t\t\t\t\t\r\n\t\t\t\t\t\t<\/div><!-- end .icon-box-content -->\r\n\t\t\t\t\t<\/div><!-- end .icon-box-3 -->\r\n\t\t\t\t\t<div class=\"icon-box-3\">\r\n\t\t\t\t\t\t<i class=\"ifc-talk\"><\/i>\r\n\t\t\t\t\t\t<div class=\"icon-box-content\">\r\n\t\t\t\t\t\t\t<h3><a href=\"http:\/\/www.centi.com.br\/portal\/produtos\/ouvidoria\/\">Ouvidoria<\/a><\/h3>\r\n\t\t\t\t\t\t\t\r\n\t\t\t\t\t\t\t<p>Abertura de chamados, notifica\u00e7\u00f5es, feedbacks, controle de andamentos e muito mais.<p class=\"last text-left\"><a class=\"btn\" href=\"http:\/\/www.centi.com.br\/portal\/produtos\/ouvidoria\/\">+ Ouvidoria<i class=\"ifc-fast_forward\"><\/i><\/a><\/p><\/p>\r\n\t\t\t\t\t\t\t\r\n\t\t\t\t\t\t<\/div><!-- end .icon-box-content -->\r\n\t\t\t\t\t<\/div><!-- end .icon-box-3 -->\r\n\t\t\t\t\t<div class=\"icon-box-3\">\r\n\t\t\t\t\t\t<i class=\"ifc-handle_with_care\"><\/i>\r\n\t\t\t\t\t\t<div class=\"icon-box-content\">\r\n\t\t\t\t\t\t\t<h3><a href=\"http:\/\/www.centi.com.br\/portal\/produtos\/patrimonio\/\">Patrim\u00f4nio<\/a><\/h3>\r\n\t\t\t\t\t\t\t\r\n\t\t\t\t\t\t\t<p>Controle de bens, reavalia\u00e7\u00e3o, deprecia\u00e7\u00e3o, controle cont\u00e1bil, cubos gerenciais, controle de localiza\u00e7\u00e3o e muito mais.<p class=\"last text-left\"><a class=\"btn\" href=\"http:\/\/www.centi.com.br\/portal\/produtos\/patrimonio\/\">+ Patrim\u00f4nio<i class=\"ifc-fast_forward\"><\/i><\/a><\/p><\/p>\r\n\t\t\t\t\t\t\t\r\n\t\t\t\t\t\t<\/div><!-- end .icon-box-content -->\r\n\t\t\t\t\t<\/div><!-- end .icon-box-3 -->\r\n\t\t\t\t\t<div class=\"icon-box-3\">\r\n\t\t\t\t\t\t<i class=\"ifc-open_in_browser\"><\/i>\r\n\t\t\t\t\t\t<div class=\"icon-box-content\">\r\n\t\t\t\t\t\t\t<h3><a href=\"http:\/\/www.centi.com.br\/portal\/portal-cidadao\/\">Portal do Cidad\u00e3o<\/a><\/h3>\r\n\t\t\t\t\t\t\t\r\n\t\t\t\t\t\t\t<p>Atendimento total \u00e0 Lei de Acesso \u00e0 Informa\u00e7\u00e3o. Acesso r\u00e1pido e seguro ao ambiente de gerenciamento.<p class=\"last text-left\"><a class=\"btn\" target=\"_black\" href=\"http:\/\/www.centi.com.br\/portal\/portal-cidadao\/\">+ Portal Cidad\u00e3o<i class=\"ifc-fast_forward\"><\/i><\/a><\/p><\/p>\r\n\t\t\t\t\t\t\t\r\n\t\t\t\t\t\t<\/div><!-- end .icon-box-content -->\r\n\t\t\t\t\t<\/div><!-- end .icon-box-3 -->\r\n\t\t\t\t\t<div class=\"icon-box-3\">\r\n\t\t\t\t\t\t<i class=\"ifc-vpn\"><\/i>\r\n\t\t\t\t\t\t<div class=\"icon-box-content\">\r\n\t\t\t\t\t\t\t<h3><a href=\"http:\/\/www.centi.com.br\/portal\/produtos\/pregao\/\">Preg\u00e3o<\/a><\/h3>\r\n\t\t\t\t\t\t\t\r\n\t\t\t\t\t\t\t<p>Planilha de importa\u00e7\u00e3o, exporta\u00e7\u00e3o cont\u00e1bil, credenciamento online, controle de lances, atas e muito mais.<p class=\"last text-left\"><a class=\"btn\" href=\"http:\/\/www.centi.com.br\/portal\/produtos\/pregao\/\">+ Preg\u00e3o<i class=\"ifc-fast_forward\"><\/i><\/a><\/p><\/p>\r\n\t\t\t\t\t\t\t\r\n\t\t\t\t\t\t<\/div><!-- end .icon-box-content -->\r\n\t\t\t\t\t<\/div><!-- end .icon-box-3 -->\r\n\t\t\t\t\t<div class=\"icon-box-3\">\r\n\t\t\t\t\t\t<i class=\"ifc-literature\"><\/i>\r\n\t\t\t\t\t\t<div class=\"icon-box-content\">\r\n\t\t\t\t\t\t\t<h3><a href=\"http:\/\/www.centi.com.br\/portal\/produtos\/protocolo\/\">Protocolo<\/a><\/h3>\r\n\t\t\t\t\t\t\t\r\n\t\t\t\t\t\t\t<p>Envio de remessa, controle de processos, anexagem de documentos, emiss\u00e3o de etiquetas e muito mais.<p class=\"last text-left\"><a class=\"btn\" href=\"http:\/\/www.centi.com.br\/portal\/produtos\/protocolo\/\">+ Protocolo<i class=\"ifc-fast_forward\"><\/i><\/a><\/p><\/p>\r\n\t\t\t\t\t\t\t\r\n\t\t\t\t\t\t<\/div><!-- end .icon-box-content -->\r\n\t\t\t\t\t<\/div><!-- end .icon-box-3 -->\r\n\t\t\t\t\t<div class=\"icon-box-3\">\r\n\t\t\t\t\t\t<i class=\"ifc-user_male2\"><\/i>\r\n\t\t\t\t\t\t<div class=\"icon-box-content\">\r\n\t\t\t\t\t\t\t<h3><a href=\"http:\/\/www.centi.com.br\/portal\/produtos\/rh\/\">Recursos Humanos<\/a><\/h3>\r\n\t\t\t\t\t\t\t\r\n\t\t\t\t\t\t\t<p>Solu\u00e7\u00e3o completa para gest\u00e3o de RH, com controle de pagamentos, c\u00e1lculos trabalhistas, atos administrativos e muito mais.<p class=\"last text-left\"><a class=\"btn\" href=\"http:\/\/www.centi.com.br\/portal\/produtos\/rh\/\">+ Recursos Humanos<i class=\"ifc-fast_forward\"><\/i><\/a><\/p><\/p>\r\n\t\t\t\t\t\t\t\r\n\t\t\t\t\t\t<\/div><!-- end .icon-box-content -->\r\n\t\t\t\t\t<\/div><!-- end .icon-box-3 -->\r\n\t\t\t\t\t<div class=\"icon-box-3\">\r\n\t\t\t\t\t\t<i class=\"ifc-cash_receiving\"><\/i>\r\n\t\t\t\t\t\t<div class=\"icon-box-content\">\r\n\t\t\t\t\t\t\t<h3><a href=\"http:\/\/www.centi.com.br\/portal\/produtos\/sefaz\/\">Sistema Fazend\u00e1rio<\/a><\/h3>\r\n\t\t\t\t\t\t\t\r\n\t\t\t\t\t\t\t<p>IPTU, d\u00edvida ativa, parametriza\u00e7\u00e3o de tributos, ISSQN, im\u00f3vel rural, servi\u00e7os no portal e muito mais.<p class=\"last text-left\"><a class=\"btn\" href=\"http:\/\/www.centi.com.br\/portal\/produtos\/sefaz\/\">+ Sistema Fazend\u00e1rio<i class=\"ifc-fast_forward\"><\/i><\/a><\/p><\/p>\r\n\t\t\t\t\t\t\t\r\n\t\t\t\t\t\t<\/div><!-- end .icon-box-content -->\r\n\t\t\t\t\t<\/div><!-- end .icon-box-3 -->\n\t\t<\/div> \n\t<\/div> \n<\/div>\n","protected":false},"excerpt":{"rendered":".vc_custom_1421837770455{padding-top: 50px !important;padding-bottom: 50px !important;background-image: url(http:\/\/www.centi.com.br\/portal\/wp-content\/uploads\/2015\/01\/slideServicospreview.jpg?id=235) !important;background-position: center !important;background-repeat: no-repeat !important;background-size: cover !important;} .vc_custom_1421837749836{margin-top: 200px !important;margin-bottom: 200px !important;} .vc_custom_1421689923078{margin-top: 0px !important;margin-bottom: 10px !important;} Almoxarifado Assist\u00eancia Social Compras Contabilidade Controle Interno Frotas Licita\u00e7\u00e3o NFS-e Ouvidoria Patrim\u00f4nio Portal do Cidad\u00e3o Preg\u00e3o Protocolo Recursos Humanos Sistema Fazend\u00e1rio Almoxarifado Entrada de notas, centro de custos, controle de estoque, consulta [...]","protected":false},"author":3,"featured_media":0,"parent":0,"menu_order":0,"comment_status":"open","ping_status":"closed","template":"","meta":{"footnotes":""},"_links":{"self":[{"href":"https:\/\/www.centi.com.br\/portal\/wp-json\/wp\/v2\/pages\/134"}],"collection":[{"href":"https:\/\/www.centi.com.br\/portal\/wp-json\/wp\/v2\/pages"}],"about":[{"href":"https:\/\/www.centi.com.br\/portal\/wp-json\/wp\/v2\/types\/page"}],"author":[{"embeddable":true,"href":"https:\/\/www.centi.com.br\/portal\/wp-json\/wp\/v2\/users\/3"}],"replies":[{"embeddable":true,"href":"https:\/\/www.centi.com.br\/portal\/wp-json\/wp\/v2\/comments?post=134"}],"version-history":[{"count":21,"href":"https:\/\/www.centi.com.br\/portal\/wp-json\/wp\/v2\/pages\/134\/revisions"}],"predecessor-version":[{"id":410,"href":"https:\/\/www.centi.com.br\/portal\/wp-json\/wp\/v2\/pages\/134\/revisions\/410"}],"wp:attachment":[{"href":"https:\/\/www.centi.com.br\/portal\/wp-json\/wp\/v2\/media?parent=134"}],"curies":[{"name":"wp","href":"https:\/\/api.w.org\/{rel}","templated":true}]}}