{"id":171,"date":"2015-01-19T15:46:31","date_gmt":"2015-01-19T18:46:31","guid":{"rendered":"http:\/\/www.centi.com.br\/portal\/?page_id=171"},"modified":"2015-06-30T12:01:47","modified_gmt":"2015-06-30T15:01:47","slug":"sobre","status":"publish","type":"page","link":"https:\/\/www.centi.com.br\/portal\/sobre\/","title":{"rendered":"Sobre a Centi"},"content":{"rendered":"<div class=\"ewf-inline-style\"><style media=\"all\" type=\"text\/css\">.vc_custom_1421837485622{padding-top: 50px !important;padding-bottom: 50px !important;background-image: url(http:\/\/www.centi.com.br\/portal\/wp-content\/uploads\/2015\/01\/slideSobrepreview.jpg?id=227) !important;background-position: center !important;background-repeat: no-repeat !important;background-size: cover !important;}<\/style><\/div><div class=\"ewf-full-width-section\"><div class=\"ewf-row vc_custom_1421837485622\">\n\t<div class=\"ewf-span12\">\n\t\t<div class=\"ewf-wrapper\">\n\t\t\t<div class=\"ewf-inline-style\"><style media=\"all\" type=\"text\/css\">.vc_custom_1421837602192{margin-top: 200px !important;margin-bottom: 200px !important;}<\/style><\/div><div class=\"ewf-row vc_custom_1421837602192\">\n\t<div class=\"ewf-span12\">\n\t\t<div class=\"ewf-wrapper\">\n\t\t\t\n\t\t<\/div> \n\t<\/div> \n<\/div>\n\t\t<\/div> \n\t<\/div> \n<\/div><\/div><div class=\"ewf-row\">\n\t<div class=\"ewf-span12\">\n\t\t<div class=\"ewf-wrapper\">\n\t\t\t\n\t<div class=\"wpb_text_column wpb_content_element \">\n\t\t<div class=\"ewf-wrapper\">\n\t\t\t<h3><strong>Uma empresa jovem e arrojada<\/strong><\/h3>\n<p><img decoding=\"async\" style=\"float: right; margin: 5px 5px 20px 50px;\" src=\"http:\/\/www.centi.com.br\/portal\/wp-content\/uploads\/2015\/01\/about-centi1.jpg\" alt=\"\" width=\"437\" \/><strong>A CENTI Solu\u00e7\u00f5es est\u00e1 entre as mais jovens e promissoras empresas de TI com foco em gest\u00e3o municipal do Brasil.<\/strong> Com experi\u00eancia e knowhow acumulados em outros Estados como S\u00e3o Paulo, Rio de Janeiro e Minas Gerais, nossa empresa tr\u00e1s para Goi\u00e1s o que h\u00e1 de mais moderno em sistemas de gest\u00e3o para cidades no mundo.<\/p>\n<p><strong>O Brasil tem se destacado mundialmente quando o assunto \u00e9 Tecnologia da Informa\u00e7\u00e3o.<\/strong> Com excelente qualidade, identidade pr\u00f3pria, desenvolvimento de solu\u00e7\u00f5es em sintonia com os mais exigentes crit\u00e9rios de seguran\u00e7a globais e adequado aos sistemas tribut\u00e1rio, administrativo e financeiro, al\u00e9m da empatia com os h\u00e1bitos e interesses do p\u00fablico-alvo. A CENTI \u00e9 uma importante representante deste alto padr\u00e3o tecnol\u00f3gico acumulado em nosso pa\u00eds, estendendo estes benef\u00edcios para as cidades do Estado de Goi\u00e1s.<\/p>\n<p><strong>Fundada e sediada em Goi\u00e2nia (GO), a CENTI \u00e9 uma sociedade entre empres\u00e1rios experientes do mercado regional e profissionais especialistas na elabora\u00e7\u00e3o e na engenharia de sistemas de gest\u00e3o<\/strong>. Uma equipe orientada para atender o mercado de perto, assessorando e ouvindo o usu\u00e1rio para que nosso produto seja melhorado a cada dia, a cada nova atualiza\u00e7\u00e3o.<\/p>\n\n\t\t<\/div> \n\t<\/div> \n\t\t<\/div> \n\t<\/div> \n<\/div><div class=\"ewf-row\">\n\t<div class=\"ewf-span12\">\n\t\t<div class=\"ewf-wrapper\">\n\t\t\t\n\t<div class=\"wpb_text_column wpb_content_element \">\n\t\t<div class=\"ewf-wrapper\">\n\t\t\t<h3><strong>Vis\u00e3o de futuro<\/strong><\/h3>\n<p><img decoding=\"async\" style=\"float: right; margin: 5px 5px 20px 50px;\" src=\"http:\/\/brapropaganda.com.br\/temp\/clientes\/centi\/wp-content\/uploads\/2015\/01\/437x323.jpg\" alt=\"\" width=\"437\" \/>Trabalhando para ser refer\u00eancia em modernidade na gest\u00e3o municipal, a CENTI tem como um de seus principais diferenciais a presen\u00e7a junto ao cliente. Isto faz parte do servi\u00e7o. <strong>Temos o compromisso de orientar e esclarecer o usu\u00e1rio do sistema para que este possa usufruir ao m\u00e1ximo os recursos que o produto oferece<\/strong>. Treinamentos constantes e assist\u00eancia 24hrs garantem o uso adequado do servi\u00e7o.<\/p>\n<p>A facilidade da opera\u00e7\u00e3o do sistema CENTI causa impacto real no dia-a-dia do gerenciamento e gest\u00e3o de nossas cidades.<\/p>\n\n\t\t<\/div> \n\t<\/div> \n\t\t<\/div> \n\t<\/div> \n<\/div><div class=\"ewf-inline-style\"><style media=\"all\" type=\"text\/css\">.vc_custom_1421679988357{padding-right: 80px !important;padding-left: 80px !important;background-color: #e4e4e4 !important;}<\/style><\/div><div class=\"ewf-full-width-section nospacing\"><div class=\"ewf-row vc_custom_1421679988357\" style=\"color:#383838;\">\n\t<div class=\"ewf-span6\">\n\t\t<div class=\"ewf-wrapper\">\n\t\t\t\n\t<div class=\"wpb_text_column wpb_content_element  vc_custom_1422542234885\">\n\t\t<div class=\"ewf-wrapper\">\n\t\t\t<h3 style=\"text-align: center; color: #222;\"><strong>O futuro da gest\u00e3o p\u00fablica municipal<\/strong><\/h3>\n<p><img decoding=\"async\" style=\"margin: 0 20px 0 0;\" src=\"http:\/\/www.centi.com.br\/portal\/wp-content\/uploads\/2015\/01\/dtk1.png\" alt=\"dtk1\" width=\"178\" height=\"177\" align=\"left\" \/><br \/>\nCom vis\u00e3o inovadora e foco nos resultados, a CENTI desenvolveu uma solu\u00e7\u00e3o completa, um sistema \u00fanico que vai al\u00e9m da integra\u00e7\u00e3o de m\u00f3dulos e funcionalidades. Nossos produtos abrangem benef\u00edcios para sua gest\u00e3o e leva seu munic\u00edpio a uma nova realidade tecnol\u00f3gica.<\/p>\n\n\t\t<\/div> \n\t<\/div> \n\t\t<\/div> \n\t<\/div> \n\n\t<div class=\"ewf-span6\">\n\t\t<div class=\"ewf-wrapper\">\n\t\t\t\n\t<div class=\"wpb_text_column wpb_content_element  vc_custom_1422542224992\">\n\t\t<div class=\"ewf-wrapper\">\n\t\t\t<h3 style=\"text-align: center; color: #222;\"><strong>Gest\u00e3o municipal em suas m\u00e3os<\/strong><\/h3>\n<p><img decoding=\"async\" style=\"margin: 0 20px 0 0;\" src=\"http:\/\/www.centi.com.br\/portal\/wp-content\/uploads\/2015\/01\/dtk2.png\" alt=\"\" width=\"178\" height=\"177\" align=\"left\" \/><br \/>\nAs solu\u00e7\u00f5es tecnol\u00f3gicas da CENTI oferecem o que h\u00e1 de melhor e mais confi\u00e1vel em sistemas administrativos, gerenciais, cont\u00e1beis, tribut\u00e1rios e financeiros para sua cidade. Alinhados aos padr\u00f5es e \u00e0 legisla\u00e7\u00e3o nacional, acess\u00edvel atrav\u00e9s de computadores, tablets e smartphones.<\/p>\n\n\t\t<\/div> \n\t<\/div> \n\t\t<\/div> \n\t<\/div> \n<\/div><\/div><div class=\"ewf-row\">\n\t<div class=\"ewf-span12\">\n\t\t<div class=\"ewf-wrapper\">\n\t\t\t\n\t<div class=\"wpb_text_column wpb_content_element \">\n\t\t<div class=\"ewf-wrapper\">\n\t\t\t<p>&nbsp;<\/p>\n<h3><strong>Seu munic\u00edpio est\u00e1 pronto para o futuro?<\/strong><\/h3>\n<p><img decoding=\"async\" style=\"float: right; margin: 5px 5px 20px 50px;\" src=\"http:\/\/www.centi.com.br\/portal\/wp-content\/uploads\/2015\/01\/2.jpg\" alt=\"\" width=\"437\" \/>Apresentar informa\u00e7\u00f5es com <strong>clareza, modernidade e profissionalismo<\/strong> aos funcion\u00e1rios e \u00e0 popula\u00e7\u00e3o \u00e9 a realidade da nova gest\u00e3o p\u00fablica brasileira. Com nossas ferramentas, sua cidade estar\u00e1 munida do que h\u00e1 de melhor e mais confi\u00e1vel em sistema administrativo, gerencial, cont\u00e1bil, tribut\u00e1rio e financeiro, alinhados com os mais modernos padr\u00f5es nacionais.<\/p>\n<p>A gest\u00e3o municipal moderna \u00e9 assim:<\/p>\n<p>\u00bb Tem, com acesso f\u00e1cil, uma vis\u00e3o panor\u00e2mica de todos os dados municipais;<br \/>\n\u00bb Permite o acesso de todas as formas dispon\u00edveis (pcs, tablets, fones Android e Apple);<br \/>\n\u00bb Opta por sistemas f\u00e1ceis de usar, intuitivos, de visual pr\u00e1tico e simples;<br \/>\n\u00bb Organiza as contas e minimiza os riscos com efic\u00e1cia cont\u00e1bil, lan\u00e7ando e manejando os dados de forma r\u00e1pida, simples e segura;<br \/>\n\u00bb Oferece transpar\u00eancia, dando \u00e0 popula\u00e7\u00e3o o acesso \u00e0s pr\u00e1ticas de gest\u00e3o da cidade;<br \/>\n\u00bb Economiza recursos baixando o custo da gest\u00e3o como um todo;<br \/>\n\u00bb \u00c9 eficiente e prioriza a qualidade do servi\u00e7o \u00e0 popula\u00e7\u00e3o.<\/p>\n\n\t\t<\/div> \n\t<\/div> \n\t\t<\/div> \n\t<\/div> \n<\/div><div class=\"ewf-row\">\n\t<div class=\"ewf-span12\">\n\t\t<div class=\"ewf-wrapper\">\n\t\t\t\n\t<div class=\"wpb_text_column wpb_content_element \">\n\t\t<div class=\"ewf-wrapper\">\n\t\t\t<h3><strong>Presen\u00e7a e orienta\u00e7\u00e3o s\u00e3o marcas da Centi<\/strong><\/h3>\n<p><strong>Colaboramos com o desenvolvimento profissional de nossos clientes, os usu\u00e1rios que operam o sistema nas secretarias, departamentos e c\u00e2maras municipais.<\/strong><\/p>\n<p>Pelo fato de apresentarmos um sistema novo, com funcionalidades e forma de operar diferenciadas, colocamos \u00e0 disposi\u00e7\u00e3o, como parte fundamental de nosso produto, uma programa\u00e7\u00e3o estruturada de treinamentos, manuais de orienta\u00e7\u00e3o e assist\u00eancia online para que o sistema seja utilizado em sua forma plena, sendo extra\u00eddo dele todos os benef\u00edcios planejados para chegar \u00e0s m\u00e3os do gestor.<\/p>\n<p>A CENTI est\u00e1 preparada para esclarecer d\u00favidas, apontar as mudan\u00e7as e orientar os clientes para o melhor uso do sistema, fazendo desta presen\u00e7a um de nossos grandes diferenciais.<\/p>\n\n\t\t<\/div> \n\t<\/div> \n\t\t<\/div> \n\t<\/div> \n<\/div><div class=\"ewf-row\">\n\t<div class=\"ewf-span12\">\n\t\t<div class=\"ewf-wrapper\">\n\t\t\t\n\t<div class=\"wpb_text_column wpb_content_element \">\n\t\t<div class=\"ewf-wrapper\">\n\t\t\t<h3><strong>Nosso neg\u00f3cio \u00e9 um sistema \u00fanico de gest\u00e3o municipal<\/strong><\/h3>\n<p><strong>Estruturado com as mais modernas plataformas virtuais do mercado, o sistema CENTI \u00e9 f\u00e1cil de usar, simples e intuitivo, eficiente e seguro<\/strong>. Por se tratar de um sistema que engloba toda a gest\u00e3o municipal em uma \u00fanica plataforma, o fluxo e cruzamento de informa\u00e7\u00f5es acontece de forma otimizada, permitindo a observa\u00e7\u00e3o de dados antes imposs\u00edvel, na forma como era feito este manejo. Esta novidade estrutural permite a visualiza\u00e7\u00e3o dos mais diferentes \u00edndices do munic\u00edpio.<\/p>\n<p>Al\u00e9m disso, a evolu\u00e7\u00e3o da burocracia tribut\u00e1ria, financeira e trabalhista brasileira implica em atualiza\u00e7\u00f5es constantes dos sistemas gestores. A CENTI tem condi\u00e7\u00f5es de fazer estas atualiza\u00e7\u00f5es e upgrades em tempo real, mantendo nossos clientes atualizados com as \u00faltimas vers\u00f5es e determina\u00e7\u00f5es dos Tribunais de Contas, de influ\u00eancias de fatores nacionais e internacionais sofridas no setor, colocando as cidades \u00e0 frente das novas exig\u00eancias fiscais e cont\u00e1beis.<\/p>\n<p>Outro grande diferencial do nosso sistema \u00e9 que, por estar 100% online, ele oferece as seguintes vantagens diretas:<\/p>\n<p>\u00bb Minimiza custos, eliminando a manuten\u00e7\u00e3o e deprecia\u00e7\u00e3o dos equipamentos.<br \/>\n\u00bb N\u00e3o h\u00e1 estrutura de provedores na prefeitura, o que libera o acesso para todos os \u00f3rg\u00e3os, de onde estiverem, n\u00e3o restringindo o este acesso somente dentro da prefeitura;<br \/>\n\u00bb O fato de ser um sistema \u00fanico facilita o momento da integra\u00e7\u00e3o de dados, garantindo o fluxo destes sem perca, aus\u00eancia ou outros problemas que podem ocorrer nesta fase do gerenciamento;<br \/>\n\u00bbEvita a impress\u00e3o de um enorme volume de documentos, comprovantes, registros e demais pap\u00e9is, colaborando com a sustentabilidade ambiental do planeta e financeira da cidade.<br \/>\n\u00bbEconomiza recursos com licen\u00e7as de softwares, mantendo a prefeitura na legalidade judicial.<\/p>\n\n\t\t<\/div> \n\t<\/div> \n\t\t<\/div> \n\t<\/div> \n<\/div><div class=\"ewf-row\">\n\t<div class=\"ewf-span12\">\n\t\t<div class=\"ewf-wrapper\">\n\t\t\t<div class=\"headline\"><h1>Principais Diferenciais<\/h1><h3>O que o sistema Centi tem pra voc\u00ea!<\/h3><span class=\"bullet\"><\/span><\/div>\n\t\t<\/div> \n\t<\/div> \n<\/div><div class=\"ewf-row\">\n\t<div class=\"ewf-span4\">\n\t\t<div class=\"ewf-wrapper\">\n\t\t\t\n\t<div class=\"wpb_text_column wpb_content_element \">\n\t\t<div class=\"ewf-wrapper\">\n\t\t\t<p><img decoding=\"async\" src=\"http:\/\/www.centi.com.br\/portal\/_imgs\/100_nuvens.png\" alt=\"\" border=\"0\" \/><\/p>\n\n\t\t<\/div> \n\t<\/div> \n\t<div class=\"wpb_text_column wpb_content_element \">\n\t\t<div class=\"ewf-wrapper\">\n\t\t\t<p><img decoding=\"async\" src=\"http:\/\/www.centi.com.br\/portal\/_imgs\/suporte_online.png\" alt=\"\" border=\"0\" \/><\/p>\n\n\t\t<\/div> \n\t<\/div> \n\t<div class=\"wpb_text_column wpb_content_element \">\n\t\t<div class=\"ewf-wrapper\">\n\t\t\t<p><img decoding=\"async\" src=\"http:\/\/www.centi.com.br\/portal\/_imgs\/sistema_unico.png\" alt=\"\" \/><\/p>\n\n\t\t<\/div> \n\t<\/div> \n\t\t<\/div> \n\t<\/div> \n\n\t<div class=\"ewf-span4\">\n\t\t<div class=\"ewf-wrapper\">\n\t\t\t\n\t<div class=\"wpb_text_column wpb_content_element \">\n\t\t<div class=\"ewf-wrapper\">\n\t\t\t<p><img decoding=\"async\" src=\"http:\/\/www.centi.com.br\/portal\/_imgs\/metodologia_implantacao.png\" alt=\"\" \/><\/p>\n\n\t\t<\/div> \n\t<\/div> \n\t<div class=\"wpb_text_column wpb_content_element \">\n\t\t<div class=\"ewf-wrapper\">\n\t\t\t<p><img decoding=\"async\" src=\"http:\/\/www.centi.com.br\/portal\/_imgs\/treinamento_multimidia.png\" alt=\"\" \/><\/p>\n\n\t\t<\/div> \n\t<\/div> \n\t<div class=\"wpb_text_column wpb_content_element \">\n\t\t<div class=\"ewf-wrapper\">\n\t\t\t<p><img decoding=\"async\" src=\"http:\/\/www.centi.com.br\/portal\/_imgs\/facil_uso.png\" alt=\"\" \/><\/p>\n\n\t\t<\/div> \n\t<\/div> \n\t\t<\/div> \n\t<\/div> \n\n\t<div class=\"ewf-span4\">\n\t\t<div class=\"ewf-wrapper\">\n\t\t\t\n\t<div class=\"wpb_text_column wpb_content_element \">\n\t\t<div class=\"ewf-wrapper\">\n\t\t\t<p><img decoding=\"async\" src=\"http:\/\/www.centi.com.br\/portal\/_imgs\/atualizacoes_semanais.png\" alt=\"\" \/><\/p>\n\n\t\t<\/div> \n\t<\/div> \n\t<div class=\"wpb_text_column wpb_content_element \">\n\t\t<div class=\"ewf-wrapper\">\n\t\t\t<p><img decoding=\"async\" src=\"http:\/\/www.centi.com.br\/portal\/_imgs\/portal_cidadao.png\" alt=\"\" \/><\/p>\n\n\t\t<\/div> \n\t<\/div> \n\t<div class=\"wpb_text_column wpb_content_element \">\n\t\t<div class=\"ewf-wrapper\">\n\t\t\t<p><img decoding=\"async\" src=\"http:\/\/www.centi.com.br\/portal\/_imgs\/relatorios_flexiveis.png\" alt=\"\" \/><\/p>\n\n\t\t<\/div> \n\t<\/div> \n\t\t<\/div> \n\t<\/div> \n<\/div>\n","protected":false},"excerpt":{"rendered":".vc_custom_1421837485622{padding-top: 50px !important;padding-bottom: 50px !important;background-image: url(http:\/\/www.centi.com.br\/portal\/wp-content\/uploads\/2015\/01\/slideSobrepreview.jpg?id=227) !important;background-position: center !important;background-repeat: no-repeat !important;background-size: cover !important;} .vc_custom_1421837602192{margin-top: 200px !important;margin-bottom: 200px !important;} Uma empresa jovem e arrojada A CENTI Solu\u00e7\u00f5es est\u00e1 entre as mais jovens e promissoras empresas de TI com foco em gest\u00e3o municipal do Brasil. Com experi\u00eancia e knowhow acumulados em outros Estados como S\u00e3o Paulo, Rio [...]","protected":false},"author":3,"featured_media":0,"parent":0,"menu_order":0,"comment_status":"open","ping_status":"closed","template":"","meta":{"footnotes":""},"_links":{"self":[{"href":"https:\/\/www.centi.com.br\/portal\/wp-json\/wp\/v2\/pages\/171"}],"collection":[{"href":"https:\/\/www.centi.com.br\/portal\/wp-json\/wp\/v2\/pages"}],"about":[{"href":"https:\/\/www.centi.com.br\/portal\/wp-json\/wp\/v2\/types\/page"}],"author":[{"embeddable":true,"href":"https:\/\/www.centi.com.br\/portal\/wp-json\/wp\/v2\/users\/3"}],"replies":[{"embeddable":true,"href":"https:\/\/www.centi.com.br\/portal\/wp-json\/wp\/v2\/comments?post=171"}],"version-history":[{"count":53,"href":"https:\/\/www.centi.com.br\/portal\/wp-json\/wp\/v2\/pages\/171\/revisions"}],"predecessor-version":[{"id":408,"href":"https:\/\/www.centi.com.br\/portal\/wp-json\/wp\/v2\/pages\/171\/revisions\/408"}],"wp:attachment":[{"href":"https:\/\/www.centi.com.br\/portal\/wp-json\/wp\/v2\/media?parent=171"}],"curies":[{"name":"wp","href":"https:\/\/api.w.org\/{rel}","templated":true}]}}