{"id":276,"date":"2015-01-22T11:24:00","date_gmt":"2015-01-22T14:24:00","guid":{"rendered":"http:\/\/www.centi.com.br\/portal\/?page_id=276"},"modified":"2016-12-26T19:16:02","modified_gmt":"2016-12-26T22:16:02","slug":"licitacao","status":"publish","type":"page","link":"https:\/\/www.centi.com.br\/portal\/produtos\/licitacao\/","title":{"rendered":"Licita\u00e7\u00e3o"},"content":{"rendered":"<div class=\"ewf-inline-style\"><style media=\"all\" type=\"text\/css\">.vc_custom_1421837770455{padding-top: 50px !important;padding-bottom: 50px !important;background-image: url(http:\/\/www.centi.com.br\/portal\/wp-content\/uploads\/2015\/01\/slideServicospreview.jpg?id=235) !important;background-position: center !important;background-repeat: no-repeat !important;background-size: cover !important;}<\/style><\/div><div class=\"ewf-full-width-section\"><div class=\"ewf-row vc_custom_1421837770455\">\n\t<div class=\"ewf-span12\">\n\t\t<div class=\"ewf-wrapper\">\n\t\t\t<div class=\"ewf-inline-style\"><style media=\"all\" type=\"text\/css\">.vc_custom_1421837749836{margin-top: 200px !important;margin-bottom: 200px !important;}<\/style><\/div><div class=\"ewf-row vc_custom_1421837749836\">\n\t<div class=\"ewf-span12\">\n\t\t<div class=\"ewf-wrapper\">\n\t\t\t\n\t\t<\/div> \n\t<\/div> \n<\/div>\n\t\t<\/div> \n\t<\/div> \n<\/div><\/div><div class=\"ewf-inline-style\"><style media=\"all\" type=\"text\/css\">.vc_custom_1421689923078{margin-top: 0px !important;margin-bottom: 10px !important;}<\/style><\/div><div class=\"ewf-row vc_custom_1421689923078\">\n\t<div class=\"ewf-span3\">\n\t\t<div class=\"ewf-wrapper\">\n\t\t\t\n\t\t<\/div> \n\t<\/div> \n\n\t<div class=\"ewf-span9\">\n\t\t<div class=\"ewf-wrapper\">\n\t\t\t\n\t\t<\/div> \n\t<\/div> \n<\/div><div class=\"ewf-row\">\n\t<div class=\"ewf-span3\">\n\t\t<div class=\"ewf-wrapper\">\n\t\t\t\n\t<div class=\"wpb_widgetised_column wpb_content_element\">\n\t\t<div class=\"ewf-wrapper\">\n\t\t\t<div id=\"nav_menu-2\" class=\"widget widget_nav_menu\"><div class=\"menu-produtos-container\"><ul id=\"menu-produtos\" class=\"menu\"><li id=\"menu-item-293\" class=\"menu-item menu-item-type-post_type menu-item-object-page menu-item-293\"><a href=\"https:\/\/www.centi.com.br\/portal\/produtos\/almoxarifado\/\">Almoxarifado<\/a><\/li>\n<li id=\"menu-item-294\" class=\"menu-item menu-item-type-post_type menu-item-object-page menu-item-294\"><a href=\"https:\/\/www.centi.com.br\/portal\/produtos\/assistencia-social\/\">Assist\u00eancia Social<\/a><\/li>\n<li id=\"menu-item-295\" class=\"menu-item menu-item-type-post_type menu-item-object-page menu-item-295\"><a href=\"https:\/\/www.centi.com.br\/portal\/produtos\/compras\/\">Compras<\/a><\/li>\n<li id=\"menu-item-264\" class=\"menu-item menu-item-type-post_type menu-item-object-page menu-item-264\"><a href=\"https:\/\/www.centi.com.br\/portal\/produtos\/contabilidade\/\">Contabilidade<\/a><\/li>\n<li id=\"menu-item-296\" class=\"menu-item menu-item-type-post_type menu-item-object-page menu-item-296\"><a href=\"https:\/\/www.centi.com.br\/portal\/produtos\/controle-interno\/\">Controle Interno<\/a><\/li>\n<li id=\"menu-item-297\" class=\"menu-item menu-item-type-post_type menu-item-object-page menu-item-297\"><a href=\"https:\/\/www.centi.com.br\/portal\/produtos\/frotas\/\">Frotas<\/a><\/li>\n<li id=\"menu-item-298\" class=\"menu-item menu-item-type-post_type menu-item-object-page menu-item-298\"><a href=\"https:\/\/www.centi.com.br\/portal\/produtos\/licitacao\/\">Licita\u00e7\u00e3o<\/a><\/li>\n<li id=\"menu-item-299\" class=\"menu-item menu-item-type-post_type menu-item-object-page menu-item-299\"><a href=\"https:\/\/www.centi.com.br\/portal\/produtos\/nfse\/\">NFS-e<\/a><\/li>\n<li id=\"menu-item-300\" class=\"menu-item menu-item-type-post_type menu-item-object-page menu-item-300\"><a href=\"https:\/\/www.centi.com.br\/portal\/produtos\/ouvidoria\/\">Ouvidoria<\/a><\/li>\n<li id=\"menu-item-301\" class=\"menu-item menu-item-type-post_type menu-item-object-page menu-item-301\"><a href=\"https:\/\/www.centi.com.br\/portal\/produtos\/patrimonio\/\">Patrim\u00f4nio<\/a><\/li>\n<li id=\"menu-item-254\" class=\"menu-item menu-item-type-custom menu-item-object-custom menu-item-254\"><a href=\"http:\/\/www.centi.com.br\/portal\/portal-cidadao\/\">Portal do Cidad\u00e3o<\/a><\/li>\n<li id=\"menu-item-302\" class=\"menu-item menu-item-type-post_type menu-item-object-page menu-item-302\"><a href=\"https:\/\/www.centi.com.br\/portal\/produtos\/pregao\/\">Preg\u00e3o<\/a><\/li>\n<li id=\"menu-item-303\" class=\"menu-item menu-item-type-post_type menu-item-object-page menu-item-303\"><a href=\"https:\/\/www.centi.com.br\/portal\/produtos\/protocolo\/\">Protocolo<\/a><\/li>\n<li id=\"menu-item-304\" class=\"menu-item menu-item-type-post_type menu-item-object-page menu-item-304\"><a href=\"https:\/\/www.centi.com.br\/portal\/produtos\/rh\/\">Recursos Humanos<\/a><\/li>\n<li id=\"menu-item-305\" class=\"menu-item menu-item-type-post_type menu-item-object-page menu-item-305\"><a href=\"https:\/\/www.centi.com.br\/portal\/produtos\/sefaz\/\">Sistema Fazend\u00e1rio<\/a><\/li>\n<\/ul><\/div><\/div>\n\t\t<\/div> \n\t<\/div> \n\t\t<\/div> \n\t<\/div> \n\n\t<div class=\"ewf-span9\">\n\t\t<div class=\"ewf-wrapper\">\n\t\t\t\n\t<div class=\"wpb_text_column wpb_content_element \">\n\t\t<div class=\"ewf-wrapper\">\n\t\t\t<h3><strong>Licita\u00e7\u00e3o<\/strong><\/h3>\n<div style=\"text-align: justify;\">Baseado na Lei 8.666\/93, o sistema de Licita\u00e7\u00e3o registra e acompanha, todas as modalidades de procedimentos licitat\u00f3rios de forma simplificada e desburocratizada.<\/div>\n<div style=\"height: 20px;\"><\/div>\n<div style=\"text-align: justify;\"><\/div>\n<div style=\"text-align: justify;\"><\/div>\n<div style=\"text-align: justify;\"><\/div>\n<div style=\"text-align: justify;\">F\u00e1cil de usar, eficiente e seguro, criado para atender as necessidades do usu\u00e1rio e contribuir na ger\u00eancia e controle dos processos e ainda atender as exig\u00eancias do TCM-GO determinados na Instru\u00e7\u00e3o Normativa 008\/2015, possibilitando o registro das informa\u00e7\u00f5es referentes aos procedimentos licitat\u00f3rios realizados no dia a dia da administra\u00e7\u00e3o p\u00fablica, permitindo a emiss\u00e3o de relat\u00f3rios, ata de julgamento, importa\u00e7\u00e3o e exporta\u00e7\u00e3o de planilhas Excel, controle de saldos licitados por produto, emiss\u00e3o de ordens de fornecimento com base no saldo licitado e gera\u00e7\u00e3o de dos arquivos para presta\u00e7\u00e3o de contas junto aos \u00f3rg\u00e3os fiscalizadores.<\/div>\n\n\t\t<\/div> \n\t<\/div> \n\t\t<\/div> \n\t<\/div> \n<\/div>\n","protected":false},"excerpt":{"rendered":".vc_custom_1421837770455{padding-top: 50px !important;padding-bottom: 50px !important;background-image: url(http:\/\/www.centi.com.br\/portal\/wp-content\/uploads\/2015\/01\/slideServicospreview.jpg?id=235) !important;background-position: center !important;background-repeat: no-repeat !important;background-size: cover !important;} .vc_custom_1421837749836{margin-top: 200px !important;margin-bottom: 200px !important;} .vc_custom_1421689923078{margin-top: 0px !important;margin-bottom: 10px !important;} Almoxarifado Assist\u00eancia Social Compras Contabilidade Controle Interno Frotas Licita\u00e7\u00e3o NFS-e Ouvidoria Patrim\u00f4nio Portal do Cidad\u00e3o Preg\u00e3o Protocolo Recursos Humanos Sistema Fazend\u00e1rio Licita\u00e7\u00e3o Baseado na Lei 8.666\/93, o sistema de Licita\u00e7\u00e3o registra e [...]","protected":false},"author":3,"featured_media":0,"parent":134,"menu_order":0,"comment_status":"open","ping_status":"closed","template":"","meta":{"footnotes":""},"_links":{"self":[{"href":"https:\/\/www.centi.com.br\/portal\/wp-json\/wp\/v2\/pages\/276"}],"collection":[{"href":"https:\/\/www.centi.com.br\/portal\/wp-json\/wp\/v2\/pages"}],"about":[{"href":"https:\/\/www.centi.com.br\/portal\/wp-json\/wp\/v2\/types\/page"}],"author":[{"embeddable":true,"href":"https:\/\/www.centi.com.br\/portal\/wp-json\/wp\/v2\/users\/3"}],"replies":[{"embeddable":true,"href":"https:\/\/www.centi.com.br\/portal\/wp-json\/wp\/v2\/comments?post=276"}],"version-history":[{"count":5,"href":"https:\/\/www.centi.com.br\/portal\/wp-json\/wp\/v2\/pages\/276\/revisions"}],"predecessor-version":[{"id":1312,"href":"https:\/\/www.centi.com.br\/portal\/wp-json\/wp\/v2\/pages\/276\/revisions\/1312"}],"up":[{"embeddable":true,"href":"https:\/\/www.centi.com.br\/portal\/wp-json\/wp\/v2\/pages\/134"}],"wp:attachment":[{"href":"https:\/\/www.centi.com.br\/portal\/wp-json\/wp\/v2\/media?parent=276"}],"curies":[{"name":"wp","href":"https:\/\/api.w.org\/{rel}","templated":true}]}}