{"id":8,"date":"2015-01-18T13:27:20","date_gmt":"2015-01-18T16:27:20","guid":{"rendered":"http:\/\/www.centi.com.br\/portal\/?page_id=8"},"modified":"2018-07-25T14:39:04","modified_gmt":"2018-07-25T17:39:04","slug":"inicio","status":"publish","type":"page","link":"https:\/\/www.centi.com.br\/portal\/","title":{"rendered":"In\u00edcio"},"content":{"rendered":"<div class=\"ewf-inline-style\"><style media=\"all\" type=\"text\/css\">.vc_custom_1422033002429{background-position: center !important;background-repeat: no-repeat !important;background-size: contain !important;}<\/style><\/div><div class=\"ewf-full-width-section\"><div class=\"ewf-row vc_custom_1422033002429\">\n\t<div class=\"ewf-span12\">\n\t\t<div class=\"ewf-wrapper\">\n\t\t\t[rev_slider_vc alias=&#8221;centi&#8221;]\n\t\t<\/div> \n\t<\/div> \n<\/div><\/div><div class=\"ewf-row\">\n\t<div class=\"ewf-span3\">\n\t\t<div class=\"ewf-wrapper\">\n\t\t\t\r\n\t\t\t\t\t<div class=\"icon-box-1\">\r\n\t\t\t\t\t\t<i class=\"ifc-multiple_devices\"><\/i>\r\n\t\t\t\t\t\t<div class=\"icon-box-content\">\r\n\t\t\t\t\t\t\t<h3><a href=\"http:\/\/www.centi.com.br\/portal\/sobre\/\">Sistema \u00danico<\/a><\/h3>\r\n\t\t\t\t\t\t\t\r\n\t\t\t\t\t\t\t<p>Acess\u00edvel a qualquer hora e de qualquer lugar, atrav\u00e9s da internet no computador, tablet ou smartphone.<p class=\"last text-center\"><a class=\"btn\" href=\"http:\/\/www.centi.com.br\/portal\/sobre\/\">saiba mais<i class=\"ifc-fast_forward\"><\/i><\/a><\/p><\/p>\r\n\t\t\t\t\t\t\t\r\n\t\t\t\t\t\t<\/div><!-- end .icon-box-content -->\r\n\t\t\t\t\t<\/div><!-- end .icon-box-1 -->\n\t\t<\/div> \n\t<\/div> \n\n\t<div class=\"ewf-span3\">\n\t\t<div class=\"ewf-wrapper\">\n\t\t\t\r\n\t\t\t\t\t<div class=\"icon-box-1\">\r\n\t\t\t\t\t\t<i class=\"ifc-vector\"><\/i>\r\n\t\t\t\t\t\t<div class=\"icon-box-content\">\r\n\t\t\t\t\t\t\t<h3><a href=\"http:\/\/www.centi.com.br\/portal\/sobre\/\">F\u00e1cil de Usar<\/a><\/h3>\r\n\t\t\t\t\t\t\t\r\n\t\t\t\t\t\t\t<p>Sem &#8220;v\u00edcios&#8221; funcionais e sem &#8220;jeitinhos&#8221; na administra\u00e7\u00e3o. Muito al\u00e9m da simples integra\u00e7\u00e3o de m\u00f3dulos. \u00c9 f\u00e1cil, seguro e em suas m\u00e3os!<p class=\"last text-center\"><a class=\"btn\" href=\"http:\/\/www.centi.com.br\/portal\/sobre\/\">saiba mais<i class=\"ifc-fast_forward\"><\/i><\/a><\/p><\/p>\r\n\t\t\t\t\t\t\t\r\n\t\t\t\t\t\t<\/div><!-- end .icon-box-content -->\r\n\t\t\t\t\t<\/div><!-- end .icon-box-1 -->\n\t\t<\/div> \n\t<\/div> \n\n\t<div class=\"ewf-span3\">\n\t\t<div class=\"ewf-wrapper\">\n\t\t\t\r\n\t\t\t\t\t<div class=\"icon-box-1\">\r\n\t\t\t\t\t\t<i class=\"ifc-cash_receiving\"><\/i>\r\n\t\t\t\t\t\t<div class=\"icon-box-content\">\r\n\t\t\t\t\t\t\t<h3><a href=\"http:\/\/www.centi.com.br\/portal\/sobre\/\">Gest\u00e3o Inovadora<\/a><\/h3>\r\n\t\t\t\t\t\t\t\r\n\t\t\t\t\t\t\t<p>Informa\u00e7\u00f5es claras, r\u00e1pidas e sempre atualizadas, com equipe de profissionais preparados para os momentos em que voc\u00ea precisar.<p class=\"last text-center\"><a class=\"btn\" href=\"http:\/\/www.centi.com.br\/portal\/sobre\/\">saiba mais<i class=\"ifc-fast_forward\"><\/i><\/a><\/p><\/p>\r\n\t\t\t\t\t\t\t\r\n\t\t\t\t\t\t<\/div><!-- end .icon-box-content -->\r\n\t\t\t\t\t<\/div><!-- end .icon-box-1 -->\n\t\t<\/div> \n\t<\/div> \n\n\t<div class=\"ewf-span3\">\n\t\t<div class=\"ewf-wrapper\">\n\t\t\t\r\n\t\t\t\t\t<div class=\"icon-box-1\">\r\n\t\t\t\t\t\t<i class=\"ifc-change_user\"><\/i>\r\n\t\t\t\t\t\t<div class=\"icon-box-content\">\r\n\t\t\t\t\t\t\t<h3><a href=\"http:\/\/www.centi.com.br\/portal\/sobre\/\">Capacita\u00e7\u00e3o<\/a><\/h3>\r\n\t\t\t\t\t\t\t\r\n\t\t\t\t\t\t\t<p>Nossos clientes e parceiros contam com um programa estruturado de suporte t\u00e9cnico, treinamentos e assist\u00eancia online.<p class=\"last text-center\"><a class=\"btn\" href=\"http:\/\/www.centi.com.br\/portal\/sobre\/\">saiba mais<i class=\"ifc-fast_forward\"><\/i><\/a><\/p><\/p>\r\n\t\t\t\t\t\t\t\r\n\t\t\t\t\t\t<\/div><!-- end .icon-box-content -->\r\n\t\t\t\t\t<\/div><!-- end .icon-box-1 -->\n\t\t<\/div> \n\t<\/div> \n<\/div><div class=\"ewf-inline-style\"><style media=\"all\" type=\"text\/css\">.vc_custom_1421679988357{padding-right: 80px !important;padding-left: 80px !important;background-color: #e4e4e4 !important;}<\/style><\/div><div class=\"ewf-full-width-section nospacing\"><div class=\"ewf-row vc_custom_1421679988357\" style=\"color:#383838;\">\n\t<div class=\"ewf-span6\">\n\t\t<div class=\"ewf-wrapper\">\n\t\t\t\n\t<div class=\"wpb_text_column wpb_content_element  vc_custom_1435849664079\">\n\t\t<div class=\"ewf-wrapper\">\n\t\t\t<h3 style=\"text-align: center; color: #222;\"><strong>O futuro da gest\u00e3o p\u00fablica municipal<\/strong><\/h3>\n<p><img decoding=\"async\" class=\" size-full wp-image-36 aligncenter\" src=\"http:\/\/www.centi.com.br\/portal\/wp-content\/uploads\/2015\/01\/dtk1.png\" alt=\"dtk1\" width=\"178\" height=\"177\" srcset=\"https:\/\/www.centi.com.br\/portal\/wp-content\/uploads\/2015\/01\/dtk1.png 178w, https:\/\/www.centi.com.br\/portal\/wp-content\/uploads\/2015\/01\/dtk1-150x150.png 150w, https:\/\/www.centi.com.br\/portal\/wp-content\/uploads\/2015\/01\/dtk1-50x50.png 50w\" sizes=\"(max-width: 178px) 100vw, 178px\" \/><br \/>\nCom vis\u00e3o inovadora e foco nos resultados, a CENTI desenvolveu uma solu\u00e7\u00e3o completa, um sistema \u00fanico que vai al\u00e9m da integra\u00e7\u00e3o de m\u00f3dulos e funcionalidades. Nossos produtos abrangem benef\u00edcios para sua gest\u00e3o e leva seu munic\u00edpio a uma nova realidade tecnol\u00f3gica.<\/p>\n<p style=\"text-align: center;\"><a class=\"wpb_button_a\" href=\"http:\/\/www.centi.com.br\/portal\/sobre\/\"><span class=\"wpb_button  wpb_wpb_button wpb_regularsize\">\u00bb ENTENDA<\/span><\/a><\/p>\n\n\t\t<\/div> \n\t<\/div> \n\t\t<\/div> \n\t<\/div> \n\n\t<div class=\"ewf-span6\">\n\t\t<div class=\"ewf-wrapper\">\n\t\t\t\n\t<div class=\"wpb_text_column wpb_content_element  vc_custom_1435849685181\">\n\t\t<div class=\"ewf-wrapper\">\n\t\t\t<h3 style=\"text-align: center; color: #222;\"><strong>Gest\u00e3o municipal em suas m\u00e3os<\/strong><\/h3>\n<p><img decoding=\"async\" class=\" size-full wp-image-37 aligncenter\" src=\"http:\/\/www.centi.com.br\/portal\/wp-content\/uploads\/2015\/01\/dtk2.png\" alt=\"dtk2\" width=\"178\" height=\"177\" srcset=\"https:\/\/www.centi.com.br\/portal\/wp-content\/uploads\/2015\/01\/dtk2.png 178w, https:\/\/www.centi.com.br\/portal\/wp-content\/uploads\/2015\/01\/dtk2-150x150.png 150w, https:\/\/www.centi.com.br\/portal\/wp-content\/uploads\/2015\/01\/dtk2-50x50.png 50w\" sizes=\"(max-width: 178px) 100vw, 178px\" \/><br \/>\nAs solu\u00e7\u00f5es tecnol\u00f3gicas da CENTI oferecem o que h\u00e1 de melhor e mais confi\u00e1vel em sistemas administrativos, gerenciais, cont\u00e1beis, tribut\u00e1rios e financeiros para sua cidade. Alinhados aos padr\u00f5es e \u00e0 legisla\u00e7\u00e3o nacional, acess\u00edvel atrav\u00e9s de computadores, tablets e smartphones.<\/p>\n<p style=\"text-align: center;\"><a class=\"wpb_button_a\" href=\"http:\/\/www.centi.com.br\/portal\/sobre\/\"><span class=\"wpb_button  wpb_wpb_button wpb_regularsize\">\u00bb ENTENDA<\/span><\/a><\/p>\n\n\t\t<\/div> \n\t<\/div> \n\t\t<\/div> \n\t<\/div> \n<\/div><\/div><div class=\"ewf-inline-style\"><style media=\"all\" type=\"text\/css\">.vc_custom_1421635639639{margin-top: 20px !important;}<\/style><\/div><div class=\"ewf-row vc_custom_1421635639639\">\n\t<div class=\"ewf-span6\">\n\t\t<div class=\"ewf-wrapper\">\n\t\t\t\r\n\t\t\t\t\t<div class=\"icon-box-1\">\r\n\t\t\t\t\t\t\r\n\t\t\t\t\t\t<div class=\"icon-box-content\">\r\n\t\t\t\t\t\t\t<h3><a href=\"http:\/\/www.centi.com.br\/portal\/produtos\/\"> <\/a><\/h3>\r\n\t\t\t\t\t\t\t\r\n\t\t\t\t\t\t\t<p><\/p>\n<h2 style=\"font-size: 32px ! important; line-height: 28px; letter-spacing: -1px; margin-top: 10px; text-align: left;\"><strong>Centi \u00e9 refer\u00eancia em inova\u00e7\u00e3o<\/strong><br \/>\nna gest\u00e3o p\u00fablica municipal<\/h2>\n<p style=\"text-align: left; font-size: 18px;\"><strong>Trabalhamos em sintonia com nossos clientes, gerando praticidade e resultados reais no cotidiano da sua cidade.<\/strong><\/p>\n<p style=\"text-align: left;\">Nossas solu\u00e7\u00f5es s\u00e3o f\u00e1ceis de usar, eficientes e seguras. <strong>Um sistema \u00fanico que abrange toda a gest\u00e3o municipal em uma \u00fanica plataforma<\/strong>, acess\u00edvel em qualquer dispositivo conectado \u00e0 Internet. Com dados otimizados e informa\u00e7\u00f5es sempre atualizadas, a administra\u00e7\u00e3o de sua cidade nunca mais ser\u00e1 a mesma. <strong>Experimente e veja na pr\u00e1tica!<\/strong><\/p>\n<p><p class=\"last text-left\"><a class=\"btn\" href=\"http:\/\/www.centi.com.br\/portal\/produtos\/\">saiba mais<i class=\"ifc-fast_forward\"><\/i><\/a><\/p><\/p>\r\n\t\t\t\t\t\t\t\r\n\t\t\t\t\t\t<\/div><!-- end .icon-box-content -->\r\n\t\t\t\t\t<\/div><!-- end .icon-box-1 -->\n\t\t<\/div> \n\t<\/div> \n\n\t<div class=\"ewf-span6\">\n\t\t<div class=\"ewf-wrapper\">\n\t\t\t\n\t<div class=\"wpb_text_column wpb_content_element \">\n\t\t<div class=\"ewf-wrapper\">\n\t\t\t<p><img fetchpriority=\"high\" decoding=\"async\" class=\"alignnone size-full wp-image-57\" src=\"http:\/\/www.centi.com.br\/portal\/wp-content\/uploads\/2015\/01\/tela-home.jpg\" alt=\"tela-home\" width=\"651\" height=\"528\" srcset=\"https:\/\/www.centi.com.br\/portal\/wp-content\/uploads\/2015\/01\/tela-home.jpg 651w, https:\/\/www.centi.com.br\/portal\/wp-content\/uploads\/2015\/01\/tela-home-300x243.jpg 300w\" sizes=\"(max-width: 651px) 100vw, 651px\" \/><\/p>\n\n\t\t<\/div> \n\t<\/div> \n\t\t<\/div> \n\t<\/div> \n<\/div><div class=\"ewf-inline-style\"><style media=\"all\" type=\"text\/css\">.vc_custom_1422543794792{padding-top: 60px !important;padding-bottom: 60px !important;background-image: url(http:\/\/www.centi.com.br\/portal\/wp-content\/uploads\/2015\/01\/bgfrase2.jpg?id=347) !important;background-position: 0 0 !important;background-repeat: repeat !important;}<\/style><\/div><div class=\"ewf-full-width-section\"><div class=\"ewf-row vc_custom_1422543794792 parallax parallax\" style=\"color:#ffffff;\">\n\t<div class=\"ewf-span12\">\n\t\t<div class=\"ewf-wrapper\">\n\t\t\t\n\t<div class=\"wpb_text_column wpb_content_element \">\n\t\t<div class=\"ewf-wrapper\">\n\t\t\t<div style=\"margin: 4px 40px 4px 40px;\" align=\"center\">\n<h1 style=\"font-size: 38px; color: #fff; letter-spacing: -1px;\" align=\"center\"><span style=\"color: #ffffff;\">\u201c<strong>Gest\u00e3o \u00e9 substituir m\u00fasculos por pensamentos<br \/>\n<\/strong>folclore e supersti\u00e7\u00e3o por conhecimento, e for\u00e7a por coopera\u00e7\u00e3o\u201d<\/span><\/h1>\n<p>&nbsp;<\/p>\n<p><span style=\"margin-top: 10px; padding: 2px 4px; border: 0px solid #ffffff; color: #ffffff;\">~ PETER DRUCKER<\/span><\/p>\n<\/div>\n\n\t\t<\/div> \n\t<\/div> \n\t\t<\/div> \n\t<\/div> \n<\/div><\/div><div class=\"ewf-inline-style\"><style media=\"all\" type=\"text\/css\">.vc_custom_1421641091167{margin-bottom: 10px !important;}<\/style><\/div><div class=\"ewf-row vc_custom_1421641091167\">\n\t<div class=\"ewf-span12\">\n\t\t<div class=\"ewf-wrapper\">\n\t\t\t\n\t<div class=\"wpb_text_column wpb_content_element  vc_custom_1421682010175\">\n\t\t<div class=\"ewf-wrapper\">\n\t\t\t<h2 style=\"font-size: 32px ! important; line-height: 28px; letter-spacing: -1px; margin-top: 10px; text-align: center;\"><strong>Produtos e Servi\u00e7os<\/strong><\/h2>\n<h4 style=\"font-size: 18px; text-align: center;\"><strong>Centi \u00e9 refer\u00eancia em solu\u00e7\u00f5es para a gest\u00e3o p\u00fablica,<\/strong><br \/>\n<strong> com metodologia e produtos inovadores.<\/strong><\/h4>\n\n\t\t<\/div> \n\t<\/div> \n\t\t<\/div> \n\t<\/div> \n<\/div><div class=\"ewf-row\">\n\t<div class=\"ewf-span4\">\n\t\t<div class=\"ewf-wrapper\">\n\t\t\t\r\n\t\t\t\t\t<div class=\"icon-box-3\">\r\n\t\t\t\t\t\t<i class=\"ifc-open_in_browser\"><\/i>\r\n\t\t\t\t\t\t<div class=\"icon-box-content\">\r\n\t\t\t\t\t\t\t<h3><a href=\"#\">Portal do Cidad\u00e3o<\/a><\/h3>\r\n\t\t\t\t\t\t\t\r\n\t\t\t\t\t\t\t<p>Atendimento total \u00e0 Lei de Acesso \u00e0 Informa\u00e7\u00e3o. Acesso r\u00e1pido e seguro ao ambiente de gerenciamento.<\/p>\r\n\t\t\t\t\t\t\t\r\n\t\t\t\t\t\t<\/div><!-- end .icon-box-content -->\r\n\t\t\t\t\t<\/div><!-- end .icon-box-3 -->\n\t\t<\/div> \n\t<\/div> \n\n\t<div class=\"ewf-span4\">\n\t\t<div class=\"ewf-wrapper\">\n\t\t\t\r\n\t\t\t\t\t<div class=\"icon-box-3\">\r\n\t\t\t\t\t\t<i class=\"ifc-shopping_cart_loaded\"><\/i>\r\n\t\t\t\t\t\t<div class=\"icon-box-content\">\r\n\t\t\t\t\t\t\t<h3><a href=\"#\">Compras<\/a><\/h3>\r\n\t\t\t\t\t\t\t\r\n\t\t\t\t\t\t\t<p>Cota\u00e7\u00f5es online, planejamento, Centro de custos din\u00e2micos, emiss\u00e3o de ordem de fornecimento, emiss\u00e3o de pedidos, etc.<\/p>\r\n\t\t\t\t\t\t\t\r\n\t\t\t\t\t\t<\/div><!-- end .icon-box-content -->\r\n\t\t\t\t\t<\/div><!-- end .icon-box-3 -->\n\t\t<\/div> \n\t<\/div> \n\n\t<div class=\"ewf-span4\">\n\t\t<div class=\"ewf-wrapper\">\n\t\t\t\r\n\t\t\t\t\t<div class=\"icon-box-3\">\r\n\t\t\t\t\t\t<i class=\"ifc-handle_with_care\"><\/i>\r\n\t\t\t\t\t\t<div class=\"icon-box-content\">\r\n\t\t\t\t\t\t\t<h3><a href=\"#\">Patrim\u00f4nio<\/a><\/h3>\r\n\t\t\t\t\t\t\t\r\n\t\t\t\t\t\t\t<p>Controle de bens, reavalia\u00e7\u00e3o, deprecia\u00e7\u00e3o, controle cont\u00e1bil, cubos gerenciais, controle de localiza\u00e7\u00e3o e muito mais.<\/p>\r\n\t\t\t\t\t\t\t\r\n\t\t\t\t\t\t<\/div><!-- end .icon-box-content -->\r\n\t\t\t\t\t<\/div><!-- end .icon-box-3 -->\n\t\t<\/div> \n\t<\/div> \n<\/div><div class=\"ewf-row\">\n\t<div class=\"ewf-span4\">\n\t\t<div class=\"ewf-wrapper\">\n\t\t\t\r\n\t\t\t\t\t<div class=\"icon-box-3\">\r\n\t\t\t\t\t\t<i class=\"ifc-ball_point_pen\"><\/i>\r\n\t\t\t\t\t\t<div class=\"icon-box-content\">\r\n\t\t\t\t\t\t\t<h3><a href=\"#\">Contabilidade<\/a><\/h3>\r\n\t\t\t\t\t\t\t\r\n\t\t\t\t\t\t\t<p>Registro dos atos e fatos administrativos, com resultados e relat\u00f3rios peri\u00f3dicos, considerando princ\u00edpios gerais de finan\u00e7as p\u00fablicas e contabilidade.<\/p>\r\n\t\t\t\t\t\t\t\r\n\t\t\t\t\t\t<\/div><!-- end .icon-box-content -->\r\n\t\t\t\t\t<\/div><!-- end .icon-box-3 -->\n\t\t<\/div> \n\t<\/div> \n\n\t<div class=\"ewf-span4\">\n\t\t<div class=\"ewf-wrapper\">\n\t\t\t\r\n\t\t\t\t\t<div class=\"icon-box-3\">\r\n\t\t\t\t\t\t<i class=\"ifc-router\"><\/i>\r\n\t\t\t\t\t\t<div class=\"icon-box-content\">\r\n\t\t\t\t\t\t\t<h3><a href=\"#\">Licita\u00e7\u00e3o<\/a><\/h3>\r\n\t\t\t\t\t\t\t\r\n\t\t\t\t\t\t\t<p>Procedimentos licitat\u00f3rios, emiss\u00e3o de documentos, homologa\u00e7\u00e3o, atas, adjudica\u00e7\u00e3o e muito mais.<\/p>\r\n\t\t\t\t\t\t\t\r\n\t\t\t\t\t\t<\/div><!-- end .icon-box-content -->\r\n\t\t\t\t\t<\/div><!-- end .icon-box-3 -->\n\t\t<\/div> \n\t<\/div> \n\n\t<div class=\"ewf-span4\">\n\t\t<div class=\"ewf-wrapper\">\n\t\t\t\r\n\t\t\t\t\t<div class=\"icon-box-3\">\r\n\t\t\t\t\t\t<i class=\"ifc-checkmark\"><\/i>\r\n\t\t\t\t\t\t<div class=\"icon-box-content\">\r\n\t\t\t\t\t\t\t<h3><a href=\"#\">Controle Interno<\/a><\/h3>\r\n\t\t\t\t\t\t\t\r\n\t\t\t\t\t\t\t<p>Check-list de atividades, cronogramas legais, emiss\u00e3o de relat\u00f3rios, acompanhamento de a\u00e7\u00f5es e muito mais.<\/p>\r\n\t\t\t\t\t\t\t\r\n\t\t\t\t\t\t<\/div><!-- end .icon-box-content -->\r\n\t\t\t\t\t<\/div><!-- end .icon-box-3 -->\n\t\t<\/div> \n\t<\/div> \n<\/div><div class=\"ewf-row\">\n\t<div class=\"ewf-span4\">\n\t\t<div class=\"ewf-wrapper\">\n\t\t\t\r\n\t\t\t\t\t<div class=\"icon-box-3\">\r\n\t\t\t\t\t\t<i class=\"ifc-user_male2\"><\/i>\r\n\t\t\t\t\t\t<div class=\"icon-box-content\">\r\n\t\t\t\t\t\t\t<h3><a href=\"#\">Recursos Humanos<\/a><\/h3>\r\n\t\t\t\t\t\t\t\r\n\t\t\t\t\t\t\t<p>Solu\u00e7\u00e3o completa para gest\u00e3o de RH, com controle de pagamentos, c\u00e1lculos trabalhistas, atos administrativos e muito mais.<\/p>\r\n\t\t\t\t\t\t\t\r\n\t\t\t\t\t\t<\/div><!-- end .icon-box-content -->\r\n\t\t\t\t\t<\/div><!-- end .icon-box-3 -->\n\t\t<\/div> \n\t<\/div> \n\n\t<div class=\"ewf-span4\">\n\t\t<div class=\"ewf-wrapper\">\n\t\t\t\r\n\t\t\t\t\t<div class=\"icon-box-3\">\r\n\t\t\t\t\t\t<i class=\"ifc-vpn\"><\/i>\r\n\t\t\t\t\t\t<div class=\"icon-box-content\">\r\n\t\t\t\t\t\t\t<h3><a href=\"#\">Preg\u00e3o<\/a><\/h3>\r\n\t\t\t\t\t\t\t\r\n\t\t\t\t\t\t\t<p>Planilha de importa\u00e7\u00e3o, exporta\u00e7\u00e3o cont\u00e1bil, credenciamento online, controle de lances, atas e muito mais.<\/p>\r\n\t\t\t\t\t\t\t\r\n\t\t\t\t\t\t<\/div><!-- end .icon-box-content -->\r\n\t\t\t\t\t<\/div><!-- end .icon-box-3 -->\n\t\t<\/div> \n\t<\/div> \n\n\t<div class=\"ewf-span4\">\n\t\t<div class=\"ewf-wrapper\">\n\t\t\t\r\n\t\t\t\t\t<div class=\"icon-box-3\">\r\n\t\t\t\t\t\t<i class=\"ifc-bus\"><\/i>\r\n\t\t\t\t\t\t<div class=\"icon-box-content\">\r\n\t\t\t\t\t\t\t<h3><a href=\"#\">Frotas<\/a><\/h3>\r\n\t\t\t\t\t\t\t\r\n\t\t\t\t\t\t\t<p>Controle de ve\u00edculos, abastecimentos, multas, entradas e sa\u00eddas, combust\u00edveis, motoristas e muito mais.<\/p>\r\n\t\t\t\t\t\t\t\r\n\t\t\t\t\t\t<\/div><!-- end .icon-box-content -->\r\n\t\t\t\t\t<\/div><!-- end .icon-box-3 -->\n\t\t<\/div> \n\t<\/div> \n<\/div><div class=\"ewf-row\">\n\t<div class=\"ewf-span4\">\n\t\t<div class=\"ewf-wrapper\">\n\t\t\t\r\n\t\t\t\t\t<div class=\"icon-box-3\">\r\n\t\t\t\t\t\t<i class=\"ifc-cash_receiving\"><\/i>\r\n\t\t\t\t\t\t<div class=\"icon-box-content\">\r\n\t\t\t\t\t\t\t<h3><a href=\"#\">Sistema Fazend\u00e1rio<\/a><\/h3>\r\n\t\t\t\t\t\t\t\r\n\t\t\t\t\t\t\t<p>IPTU, d\u00edvida ativa, parametriza\u00e7\u00e3o de tributos, ISSQN, im\u00f3vel rural, servi\u00e7os no portal e muito mais<\/p>\r\n\t\t\t\t\t\t\t\r\n\t\t\t\t\t\t<\/div><!-- end .icon-box-content -->\r\n\t\t\t\t\t<\/div><!-- end .icon-box-3 -->\n\t\t<\/div> \n\t<\/div> \n\n\t<div class=\"ewf-span4\">\n\t\t<div class=\"ewf-wrapper\">\n\t\t\t\r\n\t\t\t\t\t<div class=\"icon-box-3\">\r\n\t\t\t\t\t\t<i class=\"ifc-move_by_trolley\"><\/i>\r\n\t\t\t\t\t\t<div class=\"icon-box-content\">\r\n\t\t\t\t\t\t\t<h3><a href=\"#\">Almoxarifado<\/a><\/h3>\r\n\t\t\t\t\t\t\t\r\n\t\t\t\t\t\t\t<p>Entrada de notas, centro de custos, controle de estoque, consulta de solicita\u00e7\u00f5es, relat\u00f3rios gerenciais, integra\u00e7\u00e3o cont\u00e1bil e muito mais.<\/p>\r\n\t\t\t\t\t\t\t\r\n\t\t\t\t\t\t<\/div><!-- end .icon-box-content -->\r\n\t\t\t\t\t<\/div><!-- end .icon-box-3 -->\n\t\t<\/div> \n\t<\/div> \n\n\t<div class=\"ewf-span4\">\n\t\t<div class=\"ewf-wrapper\">\n\t\t\t\r\n\t\t\t\t\t<div class=\"icon-box-3\">\r\n\t\t\t\t\t\t<i class=\"ifc-like\"><\/i>\r\n\t\t\t\t\t\t<div class=\"icon-box-content\">\r\n\t\t\t\t\t\t\t<h3><a href=\"#\">Assist\u00eancia Social<\/a><\/h3>\r\n\t\t\t\t\t\t\t\r\n\t\t\t\t\t\t\t<p>Programas, doa\u00e7\u00f5es, benefici\u00e1rios, contrapartidas, benef\u00edcios, atendimentos e muito mais.<\/p>\r\n\t\t\t\t\t\t\t\r\n\t\t\t\t\t\t<\/div><!-- end .icon-box-content -->\r\n\t\t\t\t\t<\/div><!-- end .icon-box-3 -->\n\t\t<\/div> \n\t<\/div> \n<\/div><div class=\"ewf-row\">\n\t<div class=\"ewf-span4\">\n\t\t<div class=\"ewf-wrapper\">\n\t\t\t\r\n\t\t\t\t\t<div class=\"icon-box-3\">\r\n\t\t\t\t\t\t<i class=\"ifc-document\"><\/i>\r\n\t\t\t\t\t\t<div class=\"icon-box-content\">\r\n\t\t\t\t\t\t\t<h3><a href=\"#\">NFS-e<\/a><\/h3>\r\n\t\t\t\t\t\t\t\r\n\t\t\t\t\t\t\t<p>Notifica\u00e7\u00f5es por email, REST, Gera\u00e7\u00e3o DUAM, DMS, V\u00efdeo Aulas, Notas por Item e muito mais.<\/p>\r\n\t\t\t\t\t\t\t\r\n\t\t\t\t\t\t<\/div><!-- end .icon-box-content -->\r\n\t\t\t\t\t<\/div><!-- end .icon-box-3 -->\n\t\t<\/div> \n\t<\/div> \n\n\t<div class=\"ewf-span4\">\n\t\t<div class=\"ewf-wrapper\">\n\t\t\t\r\n\t\t\t\t\t<div class=\"icon-box-3\">\r\n\t\t\t\t\t\t<i class=\"ifc-literature\"><\/i>\r\n\t\t\t\t\t\t<div class=\"icon-box-content\">\r\n\t\t\t\t\t\t\t<h3><a href=\"http:\/\/www.centi.com.br\/portal\/produtos\/\">Protocolo<\/a><\/h3>\r\n\t\t\t\t\t\t\t\r\n\t\t\t\t\t\t\t<p>Envio de remessa, controle de processos, anexagem de documentos, emiss\u00e3o de etiquetas e muito mais.<p class=\"last text-left\"><a class=\"btn\" href=\"http:\/\/www.centi.com.br\/portal\/produtos\/\">Nossos Produtos<i class=\"ifc-fast_forward\"><\/i><\/a><\/p><\/p>\r\n\t\t\t\t\t\t\t\r\n\t\t\t\t\t\t<\/div><!-- end .icon-box-content -->\r\n\t\t\t\t\t<\/div><!-- end .icon-box-3 -->\n\t\t<\/div> \n\t<\/div> \n\n\t<div class=\"ewf-span4\">\n\t\t<div class=\"ewf-wrapper\">\n\t\t\t\r\n\t\t\t\t\t<div class=\"icon-box-3\">\r\n\t\t\t\t\t\t<i class=\"ifc-talk\"><\/i>\r\n\t\t\t\t\t\t<div class=\"icon-box-content\">\r\n\t\t\t\t\t\t\t<h3><a href=\"#\">Ouvidoria<\/a><\/h3>\r\n\t\t\t\t\t\t\t\r\n\t\t\t\t\t\t\t<p>Abertura de chamados, notifica\u00e7\u00f5es, feedbacks, controle de andamentos e muito mais.<\/p>\r\n\t\t\t\t\t\t\t\r\n\t\t\t\t\t\t<\/div><!-- end .icon-box-content -->\r\n\t\t\t\t\t<\/div><!-- end .icon-box-3 -->\n\t\t<\/div> \n\t<\/div> \n<\/div>\n","protected":false},"excerpt":{"rendered":".vc_custom_1422033002429{background-position: center !important;background-repeat: no-repeat !important;background-size: contain !important;} [rev_slider_vc alias=\"centi\"] Sistema \u00danico Acess\u00edvel a qualquer hora e de qualquer lugar, atrav\u00e9s da internet no computador, tablet ou smartphone.saiba mais F\u00e1cil de Usar Sem \"v\u00edcios\" funcionais e sem \"jeitinhos\" na administra\u00e7\u00e3o. Muito al\u00e9m da simples integra\u00e7\u00e3o de m\u00f3dulos. \u00c9 f\u00e1cil, seguro e em suas m\u00e3os!saiba mais Gest\u00e3o [...]","protected":false},"author":3,"featured_media":0,"parent":0,"menu_order":0,"comment_status":"open","ping_status":"closed","template":"","meta":{"footnotes":""},"_links":{"self":[{"href":"https:\/\/www.centi.com.br\/portal\/wp-json\/wp\/v2\/pages\/8"}],"collection":[{"href":"https:\/\/www.centi.com.br\/portal\/wp-json\/wp\/v2\/pages"}],"about":[{"href":"https:\/\/www.centi.com.br\/portal\/wp-json\/wp\/v2\/types\/page"}],"author":[{"embeddable":true,"href":"https:\/\/www.centi.com.br\/portal\/wp-json\/wp\/v2\/users\/3"}],"replies":[{"embeddable":true,"href":"https:\/\/www.centi.com.br\/portal\/wp-json\/wp\/v2\/comments?post=8"}],"version-history":[{"count":111,"href":"https:\/\/www.centi.com.br\/portal\/wp-json\/wp\/v2\/pages\/8\/revisions"}],"predecessor-version":[{"id":1447,"href":"https:\/\/www.centi.com.br\/portal\/wp-json\/wp\/v2\/pages\/8\/revisions\/1447"}],"wp:attachment":[{"href":"https:\/\/www.centi.com.br\/portal\/wp-json\/wp\/v2\/media?parent=8"}],"curies":[{"name":"wp","href":"https:\/\/api.w.org\/{rel}","templated":true}]}}